{"id":12,"date":"2023-08-11T11:28:26","date_gmt":"2023-08-11T11:28:26","guid":{"rendered":"https:\/\/sappeur-corps-fischeln.de\/?page_id=12"},"modified":"2023-11-11T16:00:16","modified_gmt":"2023-11-11T16:00:16","slug":"ueber-uns","status":"publish","type":"page","link":"https:\/\/sappeur-corps-fischeln.de\/?page_id=12","title":{"rendered":"\u00dcber uns"},"content":{"rendered":"\r\n<div id=\"xr_xr\" class=\"xr_ap\">\r\n<div id=\"xr_xri\" class=\"xr_ap\"><img decoding=\"async\" id=\"LiveCopy:58Set60\" class=\"xr_ap\" title=\"\" src=\"file:\/\/\/C:\/Users\/hjurk\/OneDrive\/Desktop\/Hartmut\/hpsc\/index_htm_files\/15.png\" alt=\"\" \/><span class=\"xr_s28\"><span class=\"xr_tl\">Am Anfang stand der Gedanke junge Menschen in Fischeln <\/span> <span class=\"xr_tl\">f\u00fcr das Sch\u00fctzenwesen zu interessieren.<\/span> <span class=\"xr_tl\">Eine wichtige Voraussetzung um eine <\/span> <span class=\"xr_tl\">alte Tradition f\u00fcr die Zukunft zu erhalten.<\/span> <span class=\"xr_tl\">So waren denn auch einige Vorgespr\u00e4che zu f\u00fchren, <\/span> <span class=\"xr_tl\">bis unter der Anleitung von Willi Schl\u00f6sser, dem im Juli 2012<\/span> <span class=\"xr_tl\">verstorbenen Ehrenvorsitzenden des Corps,\u00a0<\/span> <span class=\"xr_tl\">am 01. Mai 1970 in der damaligen Gastst\u00e4tte <\/span> <span class=\"xr_tl\">&#8220;Heyne&#8221;, K\u00f6lner Stra\u00dfe 511, eine neue Jungsch\u00fctzenkompanie <\/span> <span class=\"xr_tl\">gegr\u00fcndet wurde.<\/span> <\/span> <span class=\"xr_s29\"> <span class=\"xr_tl xr_s28\">In den ersten Jahren kam es durch Interessenwechsel h\u00e4ufig zu Ein- und Austritten. Heute stehen jedoch 10 aktive Mitglieder <\/span> <span class=\"xr_tl xr_s28\">fest in den Reihen des Corps. Seit dem Gr\u00fcndungsjahr mit dabei ist Corpsfreund Willi Waldhoff.<\/span> <span class=\"xr_tl xr_s28\">Zehn Jahre dauerte es. 1980\u00a0 zum Sch\u00fctzenfest in Fischeln pr\u00e4sentierte sich das Corps in der ersten eigenen Uniform. <\/span> <span class=\"xr_tl xr_s28\">Da viele Corpsfreunde sich noch im Wachstum befanden, mu\u00dfte\u00a0 1987 ein neuer Uniformrock angeschafft werden.<\/span> <span class=\"xr_tl xr_s28\">Bei den Schie\u00dfveranstaltungen der B\u00fcrger-Sch\u00fctzen-Gesellschaft erzielte das Corps als Mannschaft meist bescheidene Ergebnisse. <\/span> <span class=\"xr_tl xr_s28\">Den Titel\u00a0 bester Jungsch\u00fctze durften Karl-Heinz Schleeberger 1977 sowie Manfred Jurkschat in den Jahren 1986 und 1987 f\u00fchren.<\/span> <span class=\"xr_tl xr_s28\">1991 wurde Hartmut Jurkschat Einzelsieger im F\u00fcllhorn-Schie\u00dfen. Den gr\u00f6\u00dften Erfolg erzielte die Mannschaft 2013. Sie wurde Sieger <\/span><span class=\"xr_tl xr_s28\">des Drie\u00dfen-Schaar Pokals.<\/span> <\/span> <span class=\"xr_s30\"> <span class=\"xr_tc\"><span class=\"xr_s31\">\u00a0\u00a0\u00a0\u00a0\u00a0\u00a0\u00a0\u00a0\u00a0\u00a0\u00a0\u00a0\u00a0\u00a0\u00a0\u00a0\u00a0\u00a0\u00a0\u00a0\u00a0\u00a0\u00a0\u00a0\u00a0\u00a0\u00a0\u00a0\u00a0 <\/span><\/span><\/span><\/div>\r\n<div class=\"xr_ap\"><span class=\"xr_s30\"><span class=\"xr_tc\"><span class=\"xr_s32\">Das Sappeur-Corps<\/span><\/span> <span class=\"xr_tc xr_s32\">der B\u00fcrger-Sch\u00fctzen-Gesellschaft 1451 Fischeln e.V.<\/span> <\/span> <img decoding=\"async\" class=\"xr_ap\" title=\"\" src=\"file:\/\/\/C:\/Users\/hjurk\/OneDrive\/Desktop\/Hartmut\/hpsc\/index_htm_files\/180.png\" alt=\"\" \/> <span class=\"xr_s28\"> <span class=\"xr_tl\">Das Interesse an <\/span> <span class=\"xr_tl\">der Geschichte <\/span> <span class=\"xr_tl\">der Sappeure, <\/span> <span class=\"xr_tl\">f\u00fchrte das Corps <\/span> <span class=\"xr_tl\">1989 nach Frankreich. <\/span> <span class=\"xr_tl\">Im Invalidendom in Paris <\/span> <span class=\"xr_tl\">besichtigte man die <\/span> <span class=\"xr_tl\">Originaluniformen aus <\/span> <span class=\"xr_tl\">den verschiedenen Epochen <\/span> <span class=\"xr_tl\">und holte sich Anregungen <\/span> <span class=\"xr_tl\">zur Uniformgestaltung.<\/span> <\/span> <span class=\"xr_s26\"> <span class=\"xr_tl\">Das Corps<\/span> <\/span> <img decoding=\"async\" class=\"xr_ap\" title=\"\" src=\"file:\/\/\/C:\/Users\/hjurk\/OneDrive\/Desktop\/Hartmut\/hpsc\/index_htm_files\/182.png\" alt=\"\" \/> <span class=\"xr_s28\"> <span class=\"xr_tl\">Einen lange ersehnten <\/span> <span class=\"xr_tl\">Wunsch konnte sich das Corps <\/span> <span class=\"xr_tl\">1992 erf\u00fcllen.\u00a0 <\/span> <span class=\"xr_tl\">Mit\u00a0 der Unterst\u00fctzung\u00a0 von <\/span> <span class=\"xr_tl\">Fischelner Gesch\u00e4ftsleuten konnte <\/span> <span class=\"xr_tl\">man eine Standarte anschaffen. <\/span> <span class=\"xr_tl\">Mit dem Kirchturm von St. Clemens <\/span> <span class=\"xr_tl\">im Banner repr\u00e4sentiert\u00a0 das Corps <\/span> <span class=\"xr_tl\">bei seinen Auftritten <\/span> <span class=\"xr_tl\">die B\u00fcrger-Sch\u00fctzen-Gesellschaft.<\/span> <\/span> <span class=\"xr_s28\"> <span class=\"xr_tl\">F\u00fcr viele war es eine kleine \u00dcberraschung, dass im Jubil\u00e4umsjahr 2001, zum 550 j\u00e4hrigen Bestehen der <\/span> <span class=\"xr_tl\">B\u00fcrger-Sch\u00fctzen-Gesellschaft, neben dem Sch\u00fctzenk\u00f6nig Benedikt Lichtenberg, der \u00fcbrigens auch ein Gr\u00fcndungsmitglied <\/span> <span class=\"xr_tl xr_s33\">des Corps ist,\u00a0 zwei Corpsfreunde, Thomas Giesen und Hartmut Jurkschat als Minister, das Corps im K\u00f6nigshaus vertraten<span class=\"xr_s34\">.<\/span><\/span> <\/span> <img decoding=\"async\" class=\"xr_ap\" title=\"\" src=\"file:\/\/\/C:\/Users\/hjurk\/OneDrive\/Desktop\/Hartmut\/hpsc\/index_htm_files\/183.png\" alt=\"\" \/> <span class=\"xr_s28\"> <span class=\"xr_tl\">Auch f\u00fcr\u00a0 die Zukunft wurde geplant . 1993 wurde in <\/span> <span class=\"xr_tl\">Fischeln ein Kinder-Sappeur-Corps gegr\u00fcndet. <\/span><\/span><span class=\"xr_s28\"><span class=\"xr_tl\">Es hat 15 begeisterte Mitglieder.<\/span><\/span><span class=\"xr_s28\"> <span class=\"xr_tl\">Ihre ersten Uniformen wurden in liebevoller Eigenarbeit <\/span> <span class=\"xr_tl\">hergestellt.<\/span><\/span><span class=\"xr_s28\"><span class=\"xr_tl\"> Im Verlauf der Jahre <\/span><\/span><span class=\"xr_s28\"><span class=\"xr_tl\">wurden sie in<\/span><\/span><span class=\"xr_s28\"><span class=\"xr_tl\"> Jung-Sappeur-Corps umbenannt. <\/span><span class=\"xr_tl\">Der Grundstein f\u00fcr viele weitere harmonische Jahre i<\/span><span class=\"xr_tl\">st somit gelegt.<\/span> <\/span><span class=\"xr_s28\"><span class=\"xr_tl\">2023 erfolgte eine weitere Umbenennung in Sappeur-Corps 1993.<\/span><\/span>\r\n<div id=\"xr_xo0\" class=\"xr_ap\"><a href=\"\/Users\/hjurk\/OneDrive\/Desktop\/Hartmut\/hpsc\/priv.htm\" target=\"\" rel=\"noopener\"><img decoding=\"async\" class=\"xr_ap\" title=\"\" src=\"file:\/\/\/C:\/Users\/hjurk\/OneDrive\/Desktop\/Hartmut\/hpsc\/index_htm_files\/853.png\" alt=\"\" \/><img decoding=\"async\" class=\"xr_ap\" title=\"\" src=\"file:\/\/\/C:\/Users\/hjurk\/OneDrive\/Desktop\/Hartmut\/hpsc\/index_htm_files\/882.png\" alt=\"\" \/><img decoding=\"async\" class=\"xr_ap\" title=\"\" src=\"file:\/\/\/C:\/Users\/hjurk\/OneDrive\/Desktop\/Hartmut\/hpsc\/index_htm_files\/883.png\" alt=\"\" \/><img decoding=\"async\" class=\"xr_ap\" title=\"\" src=\"file:\/\/\/C:\/Users\/hjurk\/OneDrive\/Desktop\/Hartmut\/hpsc\/index_htm_files\/884.png\" alt=\"\" \/><img decoding=\"async\" class=\"xr_ap\" title=\"\" src=\"file:\/\/\/C:\/Users\/hjurk\/OneDrive\/Desktop\/Hartmut\/hpsc\/index_htm_files\/885.png\" alt=\"\" \/><img decoding=\"async\" class=\"xr_ap\" title=\"\" src=\"file:\/\/\/C:\/Users\/hjurk\/OneDrive\/Desktop\/Hartmut\/hpsc\/index_htm_files\/886.png\" alt=\"\" \/><img decoding=\"async\" class=\"xr_ap\" title=\"\" src=\"file:\/\/\/C:\/Users\/hjurk\/OneDrive\/Desktop\/Hartmut\/hpsc\/index_htm_files\/887.png\" alt=\"\" \/><img decoding=\"async\" class=\"xr_ap\" title=\"\" src=\"file:\/\/\/C:\/Users\/hjurk\/OneDrive\/Desktop\/Hartmut\/hpsc\/index_htm_files\/888.png\" alt=\"\" \/><\/a><\/div>\r\n<div id=\"xr_xd0\">\u00a0<\/div>\r\n<\/div>\r\n<div id=\"xr_links_b1\" class=\"xr_links_menu1\">\u00a0<\/div>\r\n<div id=\"xr_links_b2\" class=\"xr_links_menu2\">\u00a0<\/div>\r\n<\/div>\r\n","protected":false},"excerpt":{"rendered":"<p>Am Anfang stand der Gedanke junge Menschen in Fischeln f\u00fcr das Sch\u00fctzenwesen zu interessieren. Eine wichtige Voraussetzung um eine alte Tradition f\u00fcr die Zukunft zu erhalten. So waren denn auch [&hellip;]<\/p>\n","protected":false},"author":1,"featured_media":0,"parent":0,"menu_order":0,"comment_status":"closed","ping_status":"closed","template":"","meta":{"_EventAllDay":false,"_EventTimezone":"","_EventStartDate":"","_EventEndDate":"","_EventStartDateUTC":"","_EventEndDateUTC":"","_EventShowMap":false,"_EventShowMapLink":false,"_EventURL":"","_EventCost":"","_EventCostDescription":"","_EventCurrencySymbol":"","_EventCurrencyCode":"","_EventCurrencyPosition":"","_EventDateTimeSeparator":"","_EventTimeRangeSeparator":"","_EventOrganizerID":[],"_EventVenueID":[],"_OrganizerEmail":"","_OrganizerPhone":"","_OrganizerWebsite":"","_VenueAddress":"","_VenueCity":"","_VenueCountry":"","_VenueProvince":"","_VenueState":"","_VenueZip":"","_VenuePhone":"","_VenueURL":"","_VenueStateProvince":"","_VenueLat":"","_VenueLng":"","_VenueShowMap":false,"_VenueShowMapLink":false,"footnotes":""},"class_list":["post-12","page","type-page","status-publish","hentry"],"_links":{"self":[{"href":"https:\/\/sappeur-corps-fischeln.de\/index.php?rest_route=\/wp\/v2\/pages\/12"}],"collection":[{"href":"https:\/\/sappeur-corps-fischeln.de\/index.php?rest_route=\/wp\/v2\/pages"}],"about":[{"href":"https:\/\/sappeur-corps-fischeln.de\/index.php?rest_route=\/wp\/v2\/types\/page"}],"author":[{"embeddable":true,"href":"https:\/\/sappeur-corps-fischeln.de\/index.php?rest_route=\/wp\/v2\/users\/1"}],"replies":[{"embeddable":true,"href":"https:\/\/sappeur-corps-fischeln.de\/index.php?rest_route=%2Fwp%2Fv2%2Fcomments&post=12"}],"version-history":[{"count":4,"href":"https:\/\/sappeur-corps-fischeln.de\/index.php?rest_route=\/wp\/v2\/pages\/12\/revisions"}],"predecessor-version":[{"id":99,"href":"https:\/\/sappeur-corps-fischeln.de\/index.php?rest_route=\/wp\/v2\/pages\/12\/revisions\/99"}],"wp:attachment":[{"href":"https:\/\/sappeur-corps-fischeln.de\/index.php?rest_route=%2Fwp%2Fv2%2Fmedia&parent=12"}],"curies":[{"name":"wp","href":"https:\/\/api.w.org\/{rel}","templated":true}]}}